{"id":315,"date":"2023-01-31T15:47:55","date_gmt":"2023-01-31T13:47:55","guid":{"rendered":"http:\/\/maiasmokk.test\/contact\/"},"modified":"2023-03-22T09:48:32","modified_gmt":"2023-03-22T07:48:32","slug":"contact","status":"publish","type":"page","link":"https:\/\/maiasmokk.ee\/en\/contact\/","title":{"rendered":"Contact"},"content":{"rendered":"","protected":false},"excerpt":{"rendered":"","protected":false},"author":1,"featured_media":0,"parent":0,"menu_order":0,"comment_status":"closed","ping_status":"closed","template":"page-contact.php","meta":{"_acf_changed":false,"footnotes":""},"class_list":["post-315","page","type-page","status-publish","hentry"],"acf":[],"yoast_head":"<!-- This site is optimized with the Yoast SEO plugin v23.3 - https:\/\/yoast.com\/wordpress\/plugins\/seo\/ -->\n<title>Contact - Maiasmokk<\/title>\n<meta name=\"description\" content=\"Maiasmoka maiustuste ja sn\u00e4kkide portfell p\u00f5hineb marjadel ja kvaliteetsel \u0161okolaadil. V\u00f5ta meiega \u00fchendust info@abestock.ee.\" \/>\n<meta name=\"robots\" content=\"index, follow, max-snippet:-1, max-image-preview:large, max-video-preview:-1\" \/>\n<link rel=\"canonical\" href=\"https:\/\/maiasmokk.ee\/en\/contact\/\" \/>\n<meta property=\"og:locale\" content=\"en_US\" \/>\n<meta property=\"og:type\" content=\"article\" \/>\n<meta property=\"og:title\" content=\"Contact - Maiasmokk\" \/>\n<meta property=\"og:description\" content=\"Maiasmoka maiustuste ja sn\u00e4kkide portfell p\u00f5hineb marjadel ja kvaliteetsel \u0161okolaadil. V\u00f5ta meiega \u00fchendust info@abestock.ee.\" \/>\n<meta property=\"og:url\" content=\"https:\/\/maiasmokk.ee\/en\/contact\/\" \/>\n<meta property=\"og:site_name\" content=\"Maiasmokk\" \/>\n<meta property=\"article:publisher\" content=\"https:\/\/www.facebook.com\/Maiasmokk\/\" \/>\n<meta property=\"article:modified_time\" content=\"2023-03-22T07:48:32+00:00\" \/>\n<meta property=\"og:image\" content=\"https:\/\/maiasmokk.ee\/wp-content\/uploads\/2022\/09\/1516282557_3020.jpg\" \/>\n\t<meta property=\"og:image:width\" content=\"750\" \/>\n\t<meta property=\"og:image:height\" content=\"596\" \/>\n\t<meta property=\"og:image:type\" content=\"image\/jpeg\" \/>\n<meta name=\"twitter:card\" content=\"summary_large_image\" \/>\n<script type=\"application\/ld+json\" class=\"yoast-schema-graph\">{\"@context\":\"https:\/\/schema.org\",\"@graph\":[{\"@type\":\"WebPage\",\"@id\":\"https:\/\/maiasmokk.ee\/en\/contact\/\",\"url\":\"https:\/\/maiasmokk.ee\/en\/contact\/\",\"name\":\"Contact - Maiasmokk\",\"isPartOf\":{\"@id\":\"https:\/\/maiasmokk.ee\/en\/#website\"},\"datePublished\":\"2023-01-31T13:47:55+00:00\",\"dateModified\":\"2023-03-22T07:48:32+00:00\",\"description\":\"Maiasmoka maiustuste ja sn\u00e4kkide portfell p\u00f5hineb marjadel ja kvaliteetsel \u0161okolaadil. V\u00f5ta meiega \u00fchendust info@abestock.ee.\",\"breadcrumb\":{\"@id\":\"https:\/\/maiasmokk.ee\/en\/contact\/#breadcrumb\"},\"inLanguage\":\"en-US\",\"potentialAction\":[{\"@type\":\"ReadAction\",\"target\":[\"https:\/\/maiasmokk.ee\/en\/contact\/\"]}]},{\"@type\":\"BreadcrumbList\",\"@id\":\"https:\/\/maiasmokk.ee\/en\/contact\/#breadcrumb\",\"itemListElement\":[{\"@type\":\"ListItem\",\"position\":1,\"name\":\"Home\",\"item\":\"https:\/\/maiasmokk.ee\/en\/\"},{\"@type\":\"ListItem\",\"position\":2,\"name\":\"Contact\"}]},{\"@type\":\"WebSite\",\"@id\":\"https:\/\/maiasmokk.ee\/en\/#website\",\"url\":\"https:\/\/maiasmokk.ee\/en\/\",\"name\":\"Maiasmokk\",\"description\":\"Maitsegurmaani lemmikbr\u00e4nd!\",\"alternateName\":\"Maiasmoka kommivabrik\",\"potentialAction\":[{\"@type\":\"SearchAction\",\"target\":{\"@type\":\"EntryPoint\",\"urlTemplate\":\"https:\/\/maiasmokk.ee\/en\/?s={search_term_string}\"},\"query-input\":\"required name=search_term_string\"}],\"inLanguage\":\"en-US\"}]}<\/script>\n<!-- \/ Yoast SEO plugin. -->","yoast_head_json":{"title":"Contact - Maiasmokk","description":"Maiasmoka maiustuste ja sn\u00e4kkide portfell p\u00f5hineb marjadel ja kvaliteetsel \u0161okolaadil. V\u00f5ta meiega \u00fchendust info@abestock.ee.","robots":{"index":"index","follow":"follow","max-snippet":"max-snippet:-1","max-image-preview":"max-image-preview:large","max-video-preview":"max-video-preview:-1"},"canonical":"https:\/\/maiasmokk.ee\/en\/contact\/","og_locale":"en_US","og_type":"article","og_title":"Contact - Maiasmokk","og_description":"Maiasmoka maiustuste ja sn\u00e4kkide portfell p\u00f5hineb marjadel ja kvaliteetsel \u0161okolaadil. V\u00f5ta meiega \u00fchendust info@abestock.ee.","og_url":"https:\/\/maiasmokk.ee\/en\/contact\/","og_site_name":"Maiasmokk","article_publisher":"https:\/\/www.facebook.com\/Maiasmokk\/","article_modified_time":"2023-03-22T07:48:32+00:00","og_image":[{"width":750,"height":596,"url":"https:\/\/maiasmokk.ee\/wp-content\/uploads\/2022\/09\/1516282557_3020.jpg","type":"image\/jpeg"}],"twitter_card":"summary_large_image","schema":{"@context":"https:\/\/schema.org","@graph":[{"@type":"WebPage","@id":"https:\/\/maiasmokk.ee\/en\/contact\/","url":"https:\/\/maiasmokk.ee\/en\/contact\/","name":"Contact - Maiasmokk","isPartOf":{"@id":"https:\/\/maiasmokk.ee\/en\/#website"},"datePublished":"2023-01-31T13:47:55+00:00","dateModified":"2023-03-22T07:48:32+00:00","description":"Maiasmoka maiustuste ja sn\u00e4kkide portfell p\u00f5hineb marjadel ja kvaliteetsel \u0161okolaadil. V\u00f5ta meiega \u00fchendust info@abestock.ee.","breadcrumb":{"@id":"https:\/\/maiasmokk.ee\/en\/contact\/#breadcrumb"},"inLanguage":"en-US","potentialAction":[{"@type":"ReadAction","target":["https:\/\/maiasmokk.ee\/en\/contact\/"]}]},{"@type":"BreadcrumbList","@id":"https:\/\/maiasmokk.ee\/en\/contact\/#breadcrumb","itemListElement":[{"@type":"ListItem","position":1,"name":"Home","item":"https:\/\/maiasmokk.ee\/en\/"},{"@type":"ListItem","position":2,"name":"Contact"}]},{"@type":"WebSite","@id":"https:\/\/maiasmokk.ee\/en\/#website","url":"https:\/\/maiasmokk.ee\/en\/","name":"Maiasmokk","description":"Maitsegurmaani lemmikbr\u00e4nd!","alternateName":"Maiasmoka kommivabrik","potentialAction":[{"@type":"SearchAction","target":{"@type":"EntryPoint","urlTemplate":"https:\/\/maiasmokk.ee\/en\/?s={search_term_string}"},"query-input":"required name=search_term_string"}],"inLanguage":"en-US"}]}},"_links":{"self":[{"href":"https:\/\/maiasmokk.ee\/en\/wp-json\/wp\/v2\/pages\/315"}],"collection":[{"href":"https:\/\/maiasmokk.ee\/en\/wp-json\/wp\/v2\/pages"}],"about":[{"href":"https:\/\/maiasmokk.ee\/en\/wp-json\/wp\/v2\/types\/page"}],"author":[{"embeddable":true,"href":"https:\/\/maiasmokk.ee\/en\/wp-json\/wp\/v2\/users\/1"}],"replies":[{"embeddable":true,"href":"https:\/\/maiasmokk.ee\/en\/wp-json\/wp\/v2\/comments?post=315"}],"version-history":[{"count":3,"href":"https:\/\/maiasmokk.ee\/en\/wp-json\/wp\/v2\/pages\/315\/revisions"}],"predecessor-version":[{"id":342,"href":"https:\/\/maiasmokk.ee\/en\/wp-json\/wp\/v2\/pages\/315\/revisions\/342"}],"wp:attachment":[{"href":"https:\/\/maiasmokk.ee\/en\/wp-json\/wp\/v2\/media?parent=315"}],"curies":[{"name":"wp","href":"https:\/\/api.w.org\/{rel}","templated":true}]}}